{"id":686,"date":"2014-12-27T17:30:22","date_gmt":"2014-12-27T16:30:22","guid":{"rendered":"http:\/\/www.walnutlodge.nl\/?page_id=686"},"modified":"2015-04-06T21:33:52","modified_gmt":"2015-04-06T20:33:52","slug":"dintorni","status":"publish","type":"page","link":"https:\/\/www.walnutlodge.nl\/it\/dintorni\/","title":{"rendered":"Dintorni"},"content":{"rendered":"\n\t\t\t<!-- START Surrounds REVOLUTION SLIDER 6.7.41 --><p class=\"rs-p-wp-fix\"><\/p>\n\t\t\t<rs-module-wrap id=\"rev_slider_6_1_wrapper\" data-source=\"gallery\" data-aimg=\"\"  style=\"visibility:hidden;background:#000000;padding:0;margin:0px auto;margin-top:0;margin-bottom:0;\">\n\t\t\t\t<rs-module id=\"rev_slider_6_1\" style=\"\" data-version=\"6.7.41\">\n\t\t\t\t\t<rs-slides style=\"overflow: hidden; position: absolute;\">\n\t\t\t\t\t\t<rs-slide style=\"position: absolute;\" data-key=\"rs-109\" data-title=\"Garden\" data-anim=\"adpr:false;\">\n\t\t\t\t\t\t\t<img decoding=\"async\" src=\"https:\/\/www.walnutlodge.nl\/wp-content\/plugins\/revslider\/sr6\/assets\/assets\/dummy.png\" alt=\"\" title=\"Dintorni\" class=\"rev-slidebg tp-rs-img rs-lazyload\" data-lazyload=\"\/\/www.walnutlodge.nl\/wp-content\/uploads\/2017\/05\/WL-2017-10.jpg\" data-no-retina>\n<!---->\t\t\t\t\t<\/rs-slide>\n\t\t\t\t\t\t<rs-slide style=\"position: absolute;\" data-key=\"rs-112\" data-title=\"Slide\" data-anim=\"adpr:false;\">\n\t\t\t\t\t\t\t<img decoding=\"async\" src=\"https:\/\/www.walnutlodge.nl\/wp-content\/plugins\/revslider\/sr6\/assets\/assets\/dummy.png\" alt=\"\" title=\"Dintorni\" class=\"rev-slidebg tp-rs-img rs-lazyload\" data-lazyload=\"\/\/www.walnutlodge.nl\/wp-content\/uploads\/2017\/05\/WL-2017-11.jpg\" data-no-retina>\n<!---->\t\t\t\t\t<\/rs-slide>\n\t\t\t\t\t\t<rs-slide style=\"position: absolute;\" data-key=\"rs-111\" data-title=\"Garden\" data-anim=\"adpr:false;\">\n\t\t\t\t\t\t\t<img decoding=\"async\" src=\"https:\/\/www.walnutlodge.nl\/wp-content\/plugins\/revslider\/sr6\/assets\/assets\/dummy.png\" alt=\"\" title=\"Dintorni\" class=\"rev-slidebg tp-rs-img rs-lazyload\" data-lazyload=\"\/\/www.walnutlodge.nl\/wp-content\/uploads\/2017\/05\/WL-2017-12.jpg\" data-no-retina>\n<!---->\t\t\t\t\t<\/rs-slide>\n\t\t\t\t\t\t<rs-slide style=\"position: absolute;\" data-key=\"rs-113\" data-title=\"Terrace\" data-anim=\"adpr:false;\">\n\t\t\t\t\t\t\t<img decoding=\"async\" src=\"https:\/\/www.walnutlodge.nl\/wp-content\/plugins\/revslider\/sr6\/assets\/assets\/dummy.png\" alt=\"\" title=\"Dintorni\" class=\"rev-slidebg tp-rs-img rs-lazyload\" data-lazyload=\"\/\/www.walnutlodge.nl\/wp-content\/uploads\/2017\/05\/WL-2017-8.jpg\" data-no-retina>\n<!---->\t\t\t\t\t<\/rs-slide>\n\t\t\t\t\t\t<rs-slide style=\"position: absolute;\" data-key=\"rs-116\" data-title=\"Garden\" data-anim=\"adpr:false;\">\n\t\t\t\t\t\t\t<img decoding=\"async\" src=\"https:\/\/www.walnutlodge.nl\/wp-content\/plugins\/revslider\/sr6\/assets\/assets\/dummy.png\" alt=\"\" title=\"Dintorni\" class=\"rev-slidebg tp-rs-img rs-lazyload\" data-lazyload=\"\/\/www.walnutlodge.nl\/wp-content\/uploads\/2017\/05\/WL-2017-9.jpg\" data-no-retina>\n<!---->\t\t\t\t\t<\/rs-slide>\n\t\t\t\t\t\t<rs-slide style=\"position: absolute;\" data-key=\"rs-114\" data-title=\"Entrance\" data-anim=\"adpr:false;\">\n\t\t\t\t\t\t\t<img decoding=\"async\" src=\"https:\/\/www.walnutlodge.nl\/wp-content\/plugins\/revslider\/sr6\/assets\/assets\/dummy.png\" alt=\"\" title=\"Dintorni\" class=\"rev-slidebg tp-rs-img rs-lazyload\" data-lazyload=\"\/\/www.walnutlodge.nl\/wp-content\/uploads\/2017\/05\/WL-2017-7.jpg\" data-no-retina>\n<!---->\t\t\t\t\t<\/rs-slide>\n\t\t\t\t\t\t<rs-slide style=\"position: absolute;\" data-key=\"rs-96\" data-title=\"Garden Snow\" data-anim=\"adpr:false;\">\n\t\t\t\t\t\t\t<img decoding=\"async\" src=\"https:\/\/www.walnutlodge.nl\/wp-content\/plugins\/revslider\/sr6\/assets\/assets\/dummy.png\" alt=\"\" title=\"Dintorni\" class=\"rev-slidebg tp-rs-img rs-lazyload\" data-lazyload=\"\/\/www.walnutlodge.nl\/wp-content\/uploads\/2015\/09\/Winter-1.jpg\" data-bg=\"p:center top;\" data-no-retina>\n<!---->\t\t\t\t\t<\/rs-slide>\n\t\t\t\t\t\t<rs-slide style=\"position: absolute;\" data-key=\"rs-97\" data-title=\"Garden Snow\" data-anim=\"adpr:false;\">\n\t\t\t\t\t\t\t<img decoding=\"async\" src=\"https:\/\/www.walnutlodge.nl\/wp-content\/plugins\/revslider\/sr6\/assets\/assets\/dummy.png\" alt=\"\" title=\"Dintorni\" class=\"rev-slidebg tp-rs-img rs-lazyload\" data-lazyload=\"\/\/www.walnutlodge.nl\/wp-content\/uploads\/2015\/09\/Winter-2.jpg\" data-bg=\"p:center top;\" data-no-retina>\n<!---->\t\t\t\t\t<\/rs-slide>\n\t\t\t\t\t\t<rs-slide style=\"position: absolute;\" data-key=\"rs-86\" data-title=\"Paddock\" data-anim=\"adpr:false;\">\n\t\t\t\t\t\t\t<img decoding=\"async\" src=\"https:\/\/www.walnutlodge.nl\/wp-content\/plugins\/revslider\/sr6\/assets\/assets\/dummy.png\" alt=\"\" title=\"Dintorni\" class=\"rev-slidebg tp-rs-img rs-lazyload\" data-lazyload=\"\/\/www.walnutlodge.nl\/wp-content\/uploads\/2015\/04\/Spring-2015-1.jpg\" data-bg=\"p:center top;\" data-no-retina>\n<!---->\t\t\t\t\t<\/rs-slide>\n\t\t\t\t\t\t<rs-slide style=\"position: absolute;\" data-key=\"rs-88\" data-title=\"Panorama 1\" data-anim=\"adpr:false;\">\n\t\t\t\t\t\t\t<img decoding=\"async\" src=\"https:\/\/www.walnutlodge.nl\/wp-content\/plugins\/revslider\/sr6\/assets\/assets\/dummy.png\" alt=\"\" title=\"Dintorni\" class=\"rev-slidebg tp-rs-img rs-lazyload\" data-lazyload=\"\/\/www.walnutlodge.nl\/wp-content\/uploads\/2015\/04\/Panoorama-April-2015-1.jpg\" data-bg=\"p:center top;\" data-no-retina>\n<!---->\t\t\t\t\t<\/rs-slide>\n\t\t\t\t\t\t<rs-slide style=\"position: absolute;\" data-key=\"rs-58\" data-title=\"St. Brigidakerk\" data-anim=\"adpr:false;\">\n\t\t\t\t\t\t\t<img decoding=\"async\" src=\"https:\/\/www.walnutlodge.nl\/wp-content\/plugins\/revslider\/sr6\/assets\/assets\/dummy.png\" alt=\"\" title=\"Dintorni\" class=\"rev-slidebg tp-rs-img rs-lazyload\" data-lazyload=\"\/\/www.walnutlodge.nl\/wp-content\/uploads\/2014\/11\/image2.jpeg\" data-bg=\"p:center top;\" data-no-retina>\n<!--\n\t\t\t\t\t\t\t--><rs-layer\n\t\t\t\t\t\t\t\tid=\"slider-6-slide-58-layer-1\" \n\t\t\t\t\t\t\t\tclass=\"small_text_white\"\n\t\t\t\t\t\t\t\tdata-type=\"text\"\n\t\t\t\t\t\t\t\tdata-color=\"#ffffff\"\n\t\t\t\t\t\t\t\tdata-rsp_ch=\"on\"\n\t\t\t\t\t\t\t\tdata-xy=\"x:431px;y:428px;\"\n\t\t\t\t\t\t\t\tdata-text=\"s:14;l:20;fw:500;\"\n\t\t\t\t\t\t\t\tdata-frame_1=\"st:500;\"\n\t\t\t\t\t\t\t\tdata-frame_999=\"st:w;auto:true;\"\n\t\t\t\t\t\t\t\tstyle=\"z-index:5;font-family:'Arial';text-shadow:0px 2px 5px rgba(0, 0, 0, 0.5);white-space:nowrap;\"\n\t\t\t\t\t\t\t>St. Brigidakerk, Noorbeek \n\t\t\t\t\t\t\t<\/rs-layer><!--\n-->\t\t\t\t\t<\/rs-slide>\n\t\t\t\t\t\t<rs-slide style=\"position: absolute;\" data-key=\"rs-87\" data-title=\"Panorama 2\" data-anim=\"adpr:false;\">\n\t\t\t\t\t\t\t<img decoding=\"async\" src=\"https:\/\/www.walnutlodge.nl\/wp-content\/plugins\/revslider\/sr6\/assets\/assets\/dummy.png\" alt=\"\" title=\"Dintorni\" class=\"rev-slidebg tp-rs-img rs-lazyload\" data-lazyload=\"\/\/www.walnutlodge.nl\/wp-content\/uploads\/2015\/04\/Panoorama-April-2015-3.jpg\" data-bg=\"p:center top;\" data-no-retina>\n<!---->\t\t\t\t\t<\/rs-slide>\n\t\t\t\t\t\t<rs-slide style=\"position: absolute;\" data-key=\"rs-56\" data-title=\"Pater Vinktoren\" data-anim=\"adpr:false;\">\n\t\t\t\t\t\t\t<img decoding=\"async\" src=\"https:\/\/www.walnutlodge.nl\/wp-content\/plugins\/revslider\/sr6\/assets\/assets\/dummy.png\" alt=\"\" title=\"Dintorni\" class=\"rev-slidebg tp-rs-img rs-lazyload\" data-lazyload=\"\/\/www.walnutlodge.nl\/wp-content\/uploads\/2014\/11\/Maastricht-in-autumn-2.jpg\" data-bg=\"p:center top;\" data-no-retina>\n<!--\n\t\t\t\t\t\t\t--><rs-layer\n\t\t\t\t\t\t\t\tid=\"slider-6-slide-56-layer-1\" \n\t\t\t\t\t\t\t\tclass=\"small_text\"\n\t\t\t\t\t\t\t\tdata-type=\"text\"\n\t\t\t\t\t\t\t\tdata-color=\"#ffffff\"\n\t\t\t\t\t\t\t\tdata-rsp_ch=\"on\"\n\t\t\t\t\t\t\t\tdata-xy=\"x:421px;y:408px;\"\n\t\t\t\t\t\t\t\tdata-text=\"s:14;l:20;fw:500;\"\n\t\t\t\t\t\t\t\tdata-frame_1=\"st:500;\"\n\t\t\t\t\t\t\t\tdata-frame_999=\"st:w;auto:true;\"\n\t\t\t\t\t\t\t\tstyle=\"z-index:5;background-color:rgba(0,0,0,0.48);font-family:'Arial';text-shadow:0px 2px 5px rgba(0, 0, 0, 0.5);white-space:nowrap;\"\n\t\t\t\t\t\t\t>Pater Vinktoren, Maastricht \n\t\t\t\t\t\t\t<\/rs-layer><!--\n-->\t\t\t\t\t<\/rs-slide>\n\t\t\t\t\t\t<rs-slide style=\"position: absolute;\" data-key=\"rs-66\" data-title=\"Stadspark\" data-anim=\"adpr:false;\">\n\t\t\t\t\t\t\t<img decoding=\"async\" src=\"https:\/\/www.walnutlodge.nl\/wp-content\/plugins\/revslider\/sr6\/assets\/assets\/dummy.png\" alt=\"\" title=\"Dintorni\" class=\"rev-slidebg tp-rs-img rs-lazyload\" data-lazyload=\"\/\/www.walnutlodge.nl\/wp-content\/uploads\/2014\/11\/Maastricht-in-autumn-1.jpg\" data-bg=\"p:center top;\" data-no-retina>\n<!--\n\t\t\t\t\t\t\t--><rs-layer\n\t\t\t\t\t\t\t\tid=\"slider-6-slide-66-layer-1\" \n\t\t\t\t\t\t\t\tclass=\"small_text_white\"\n\t\t\t\t\t\t\t\tdata-type=\"text\"\n\t\t\t\t\t\t\t\tdata-color=\"#ffffff\"\n\t\t\t\t\t\t\t\tdata-rsp_ch=\"on\"\n\t\t\t\t\t\t\t\tdata-xy=\"x:458px;y:420px;\"\n\t\t\t\t\t\t\t\tdata-text=\"s:14;l:20;fw:500;\"\n\t\t\t\t\t\t\t\tdata-frame_1=\"st:500;\"\n\t\t\t\t\t\t\t\tdata-frame_999=\"st:w;auto:true;\"\n\t\t\t\t\t\t\t\tstyle=\"z-index:5;font-family:'Arial';text-shadow:0px 2px 5px rgba(0, 0, 0, 0.5);white-space:nowrap;\"\n\t\t\t\t\t\t\t>Stadspark, Maastricht \n\t\t\t\t\t\t\t<\/rs-layer><!--\n-->\t\t\t\t\t<\/rs-slide>\n\t\t\t\t\t\t<rs-slide style=\"position: absolute;\" data-key=\"rs-98\" data-title=\"Snowy valley\" data-anim=\"adpr:false;\">\n\t\t\t\t\t\t\t<img decoding=\"async\" src=\"https:\/\/www.walnutlodge.nl\/wp-content\/plugins\/revslider\/sr6\/assets\/assets\/dummy.png\" alt=\"\" title=\"Dintorni\" class=\"rev-slidebg tp-rs-img rs-lazyload\" data-lazyload=\"\/\/www.walnutlodge.nl\/wp-content\/uploads\/2015\/09\/Winter-3.jpg\" data-bg=\"p:center top;\" data-no-retina>\n<!---->\t\t\t\t\t<\/rs-slide>\n\t\t\t\t\t\t<rs-slide style=\"position: absolute;\" data-key=\"rs-99\" data-title=\"Snowy path\" data-anim=\"adpr:false;\">\n\t\t\t\t\t\t\t<img decoding=\"async\" src=\"https:\/\/www.walnutlodge.nl\/wp-content\/plugins\/revslider\/sr6\/assets\/assets\/dummy.png\" alt=\"\" title=\"Dintorni\" class=\"rev-slidebg tp-rs-img rs-lazyload\" data-lazyload=\"\/\/www.walnutlodge.nl\/wp-content\/uploads\/2015\/09\/Winter-4.jpg\" data-bg=\"p:center top;\" data-no-retina>\n<!---->\t\t\t\t\t<\/rs-slide>\n\t\t\t\t\t<\/rs-slides>\n\t\t\t\t<\/rs-module>\n\t\t\t\t<script>\n\t\t\t\t\tsetREVStartSize({c: 'rev_slider_6_1',rl:[1240,1024,778,480],el:[],gw:[605],gh:[454],type:'standard',justify:'',layout:'fullwidth',mh:\"0\"});if (window.RS_MODULES!==undefined && window.RS_MODULES.modules!==undefined && window.RS_MODULES.modules[\"revslider61\"]!==undefined) {window.RS_MODULES.modules[\"revslider61\"].once = false;window.revapi6 = undefined;if (window.RS_MODULES.checkMinimal!==undefined) window.RS_MODULES.checkMinimal()}\n\t\t\t\t<\/script>\n\t\t\t<\/rs-module-wrap>\n\t\t\t<!-- END REVOLUTION SLIDER -->\n\n<p>&nbsp;<\/p>\n<p>Walnut Lodge Bed &amp; Breakfast si trova a Noorbeek, un piccolo e pittoresco villaggio al confine Olandese con il Belgio. La campagna ondulata che circonda Noorbeek \u00e8 perennemente apprezzata da escursionisti e ciclisti. Il Lodge si trova vicino a diversi percorsi pedonali e ciclabili, che vi porteranno attraverso alcuni dei paesaggi pi\u00f9 belli da vedere nei Paesi Bassi e in Belgio.<\/p>\n<p>&nbsp;<\/p>\n<p>Nella piazza del paese si trovano la chiesa di Santa Brigida, risalente al 13\u00b0 secolo e costruita in stile romanico e gotico. \u00c8 solo 4 minuti a piedi (300 metri) da Walnut Lodge. Ci sono diversi ristoranti a Noorbeek, tutti raggiungibili a piedi dalla Loggia.<\/p>\n<p>&nbsp;<\/p>\n<p>L&#8217;antica citt\u00e0 romana di Maastricht \u00e8 a 15 minuti di macchina, mentre Bruxelles e Anversa, in Belgio, si trovano a 1 ora di macchina. La citt\u00e0 tedesca di Aachen \u00e8 a 25 minuti di macchina. Qui \u00e8 ancora possibile trovare molti monumenti dell&#8217;epoca di Carlo Magno e dell&#8217; Impero Carolingio. La capitale cosmopolita di Amsterdam \u00e8 un comodo viaggio in treno di 2\u00bd ora.<\/p>\n<p>&nbsp;<\/p>\n<p>Per i pi\u00f9 avventurosi \u00e8 possibile alzarsi presto, prendere un treno locale per Liegi, in Belgio, e con il treno veloce arrivare a Parigi, salire sulla Torre Eiffel, visitare il Louvre e pranzare nel quartiere di Montmartre. Si pu\u00f2 essere di nuovo in tempo per vedere il tramonto sulle colline circostanti Walnut Lodge!<\/p>\n","protected":false},"excerpt":{"rendered":"<p>&nbsp; Walnut Lodge Bed &amp; Breakfast si trova a Noorbeek, un piccolo e pittoresco villaggio al confine Olandese con il Belgio. La campagna ondulata che circonda Noorbeek \u00e8 perennemente apprezzata da escursionisti e ciclisti. Il Lodge si trova vicino a diversi percorsi pedonali e ciclabili, che vi porteranno attraverso alcuni dei paesaggi pi\u00f9 belli da&nbsp;<a href=\"https:\/\/www.walnutlodge.nl\/it\/dintorni\/\"><i class=\"fa fa-long-arrow-right\"><\/i><\/a><\/p>\n","protected":false},"author":6,"featured_media":0,"parent":0,"menu_order":0,"comment_status":"open","ping_status":"open","template":"","meta":{"_acf_changed":false,"footnotes":""},"class_list":["post-686","page","type-page","status-publish","hentry","entry","has-post-thumbnail"],"acf":[],"_links":{"self":[{"href":"https:\/\/www.walnutlodge.nl\/it\/wp-json\/wp\/v2\/pages\/686","targetHints":{"allow":["GET"]}}],"collection":[{"href":"https:\/\/www.walnutlodge.nl\/it\/wp-json\/wp\/v2\/pages"}],"about":[{"href":"https:\/\/www.walnutlodge.nl\/it\/wp-json\/wp\/v2\/types\/page"}],"author":[{"embeddable":true,"href":"https:\/\/www.walnutlodge.nl\/it\/wp-json\/wp\/v2\/users\/6"}],"replies":[{"embeddable":true,"href":"https:\/\/www.walnutlodge.nl\/it\/wp-json\/wp\/v2\/comments?post=686"}],"version-history":[{"count":0,"href":"https:\/\/www.walnutlodge.nl\/it\/wp-json\/wp\/v2\/pages\/686\/revisions"}],"wp:attachment":[{"href":"https:\/\/www.walnutlodge.nl\/it\/wp-json\/wp\/v2\/media?parent=686"}],"curies":[{"name":"wp","href":"https:\/\/api.w.org\/{rel}","templated":true}]}}